{"id":116,"date":"2013-12-19T01:49:50","date_gmt":"2013-12-19T00:49:50","guid":{"rendered":"http:\/\/masdeserra.cat\/blog\/?page_id=116"},"modified":"2023-07-27T09:40:34","modified_gmt":"2023-07-27T07:40:34","slug":"ruta-mar-i-muntanya","status":"publish","type":"page","link":"https:\/\/masdeserra.cat\/blog\/rutes-recomanades\/ruta-mar-i-muntanya\/","title":{"rendered":"Ruta Mar i Muntanya"},"content":{"rendered":"<p>En aquesta ruta de tot el dia es visita el Castell Monestir d&#8217;Escornalbou, l&#8217;antic monestir es va utilitzar tamb\u00e9 com a castell gr\u00e0cies a la seva situaci\u00f3 privilegiada. Ja que s&#8217;hi passa pel costat es pot aprofitar per fer una parada al pant\u00e0 de Riudecanyes.<\/p>\n<p>Un cop visitat el monestir la ruta segueix cap a Cambrils amb l&#8217;atractiu destacat de les platges i el port esportiu i de pescadors. La zona del port disposa una enorme varietat de bars, restaurants, terrasses, gelateries, que atreuen als turistes amb productes pesquers de primera qualitat i on es pot trobar un bon lloc per dinar. <\/p>\n<p>Despr\u00e9s de dinar es pot donar un passeig pel port i la tornada al Mas de Serra \u00e9s c\u00f2mode i r\u00e0pida ja que la gran part del trajecte \u00e9s fa per autovia.<\/p>\n<p><iframe loading=\"lazy\" style=\"border: none;\" src=\"http:\/\/masdeserra.cat\/ruta.php?id_ruta=3&#038;iframe=640\" height=\"1000\" width=\"640\"><\/iframe><\/p>\n","protected":false},"excerpt":{"rendered":"<p>En aquesta ruta de tot el dia es visita el Castell Monestir d&#8217;Escornalbou, l&#8217;antic monestir es va utilitzar tamb\u00e9 com a castell gr\u00e0cies a la seva situaci\u00f3 privilegiada. Ja que s&#8217;hi passa pel costat es pot aprofitar per fer una parada al pant\u00e0 de Riudecanyes. Un cop visitat el monestir la ruta segueix cap a [&hellip;]<\/p>\n","protected":false},"author":1,"featured_media":0,"parent":34,"menu_order":0,"comment_status":"closed","ping_status":"closed","template":"","meta":{"footnotes":""},"class_list":["post-116","page","type-page","status-publish","hentry"],"yoast_head":"<!-- This site is optimized with the Yoast SEO plugin v27.3 - https:\/\/yoast.com\/product\/yoast-seo-wordpress\/ -->\n<title>Ruta Mar i Muntanya - Blog del Mas de Serra.<\/title>\n<meta name=\"robots\" content=\"index, follow, max-snippet:-1, max-image-preview:large, max-video-preview:-1\" \/>\n<link rel=\"canonical\" href=\"https:\/\/masdeserra.cat\/blog\/rutes-recomanades\/ruta-mar-i-muntanya\/\" \/>\n<meta property=\"og:locale\" content=\"ca_ES\" \/>\n<meta property=\"og:type\" content=\"article\" \/>\n<meta property=\"og:title\" content=\"Ruta Mar i Muntanya - Blog del Mas de Serra.\" \/>\n<meta property=\"og:description\" content=\"En aquesta ruta de tot el dia es visita el Castell Monestir d&#8217;Escornalbou, l&#8217;antic monestir es va utilitzar tamb\u00e9 com a castell gr\u00e0cies a la seva situaci\u00f3 privilegiada. Ja que s&#8217;hi passa pel costat es pot aprofitar per fer una parada al pant\u00e0 de Riudecanyes. Un cop visitat el monestir la ruta segueix cap a [&hellip;]\" \/>\n<meta property=\"og:url\" content=\"https:\/\/masdeserra.cat\/blog\/rutes-recomanades\/ruta-mar-i-muntanya\/\" \/>\n<meta property=\"og:site_name\" content=\"Blog del Mas de Serra.\" \/>\n<meta property=\"article:modified_time\" content=\"2023-07-27T07:40:34+00:00\" \/>\n<meta name=\"twitter:card\" content=\"summary_large_image\" \/>\n<meta name=\"twitter:label1\" content=\"Temps estimat de lectura\" \/>\n\t<meta name=\"twitter:data1\" content=\"1 minut\" \/>\n<script type=\"application\/ld+json\" class=\"yoast-schema-graph\">{\"@context\":\"https:\\\/\\\/schema.org\",\"@graph\":[{\"@type\":\"WebPage\",\"@id\":\"https:\\\/\\\/masdeserra.cat\\\/blog\\\/rutes-recomanades\\\/ruta-mar-i-muntanya\\\/\",\"url\":\"https:\\\/\\\/masdeserra.cat\\\/blog\\\/rutes-recomanades\\\/ruta-mar-i-muntanya\\\/\",\"name\":\"Ruta Mar i Muntanya - Blog del Mas de Serra.\",\"isPartOf\":{\"@id\":\"https:\\\/\\\/masdeserra.cat\\\/blog\\\/#website\"},\"datePublished\":\"2013-12-19T00:49:50+00:00\",\"dateModified\":\"2023-07-27T07:40:34+00:00\",\"breadcrumb\":{\"@id\":\"https:\\\/\\\/masdeserra.cat\\\/blog\\\/rutes-recomanades\\\/ruta-mar-i-muntanya\\\/#breadcrumb\"},\"inLanguage\":\"ca\",\"potentialAction\":[{\"@type\":\"ReadAction\",\"target\":[\"https:\\\/\\\/masdeserra.cat\\\/blog\\\/rutes-recomanades\\\/ruta-mar-i-muntanya\\\/\"]}]},{\"@type\":\"BreadcrumbList\",\"@id\":\"https:\\\/\\\/masdeserra.cat\\\/blog\\\/rutes-recomanades\\\/ruta-mar-i-muntanya\\\/#breadcrumb\",\"itemListElement\":[{\"@type\":\"ListItem\",\"position\":1,\"name\":\"Inici\",\"item\":\"https:\\\/\\\/masdeserra.cat\\\/blog\\\/\"},{\"@type\":\"ListItem\",\"position\":2,\"name\":\"Rutes Recomanades\",\"item\":\"https:\\\/\\\/masdeserra.cat\\\/blog\\\/rutes-recomanades\\\/\"},{\"@type\":\"ListItem\",\"position\":3,\"name\":\"Ruta Mar i Muntanya\"}]},{\"@type\":\"WebSite\",\"@id\":\"https:\\\/\\\/masdeserra.cat\\\/blog\\\/#website\",\"url\":\"https:\\\/\\\/masdeserra.cat\\\/blog\\\/\",\"name\":\"Blog del Mas de Serra.\",\"description\":\"Turisme Rural - Agroturisme - Resid\u00e8ncia Casa de Pag\u00e8s - Cal\u00e7otades\",\"potentialAction\":[{\"@type\":\"SearchAction\",\"target\":{\"@type\":\"EntryPoint\",\"urlTemplate\":\"https:\\\/\\\/masdeserra.cat\\\/blog\\\/?s={search_term_string}\"},\"query-input\":{\"@type\":\"PropertyValueSpecification\",\"valueRequired\":true,\"valueName\":\"search_term_string\"}}],\"inLanguage\":\"ca\"}]}<\/script>\n<!-- \/ Yoast SEO plugin. -->","yoast_head_json":{"title":"Ruta Mar i Muntanya - Blog del Mas de Serra.","robots":{"index":"index","follow":"follow","max-snippet":"max-snippet:-1","max-image-preview":"max-image-preview:large","max-video-preview":"max-video-preview:-1"},"canonical":"https:\/\/masdeserra.cat\/blog\/rutes-recomanades\/ruta-mar-i-muntanya\/","og_locale":"ca_ES","og_type":"article","og_title":"Ruta Mar i Muntanya - Blog del Mas de Serra.","og_description":"En aquesta ruta de tot el dia es visita el Castell Monestir d&#8217;Escornalbou, l&#8217;antic monestir es va utilitzar tamb\u00e9 com a castell gr\u00e0cies a la seva situaci\u00f3 privilegiada. Ja que s&#8217;hi passa pel costat es pot aprofitar per fer una parada al pant\u00e0 de Riudecanyes. Un cop visitat el monestir la ruta segueix cap a [&hellip;]","og_url":"https:\/\/masdeserra.cat\/blog\/rutes-recomanades\/ruta-mar-i-muntanya\/","og_site_name":"Blog del Mas de Serra.","article_modified_time":"2023-07-27T07:40:34+00:00","twitter_card":"summary_large_image","twitter_misc":{"Temps estimat de lectura":"1 minut"},"schema":{"@context":"https:\/\/schema.org","@graph":[{"@type":"WebPage","@id":"https:\/\/masdeserra.cat\/blog\/rutes-recomanades\/ruta-mar-i-muntanya\/","url":"https:\/\/masdeserra.cat\/blog\/rutes-recomanades\/ruta-mar-i-muntanya\/","name":"Ruta Mar i Muntanya - Blog del Mas de Serra.","isPartOf":{"@id":"https:\/\/masdeserra.cat\/blog\/#website"},"datePublished":"2013-12-19T00:49:50+00:00","dateModified":"2023-07-27T07:40:34+00:00","breadcrumb":{"@id":"https:\/\/masdeserra.cat\/blog\/rutes-recomanades\/ruta-mar-i-muntanya\/#breadcrumb"},"inLanguage":"ca","potentialAction":[{"@type":"ReadAction","target":["https:\/\/masdeserra.cat\/blog\/rutes-recomanades\/ruta-mar-i-muntanya\/"]}]},{"@type":"BreadcrumbList","@id":"https:\/\/masdeserra.cat\/blog\/rutes-recomanades\/ruta-mar-i-muntanya\/#breadcrumb","itemListElement":[{"@type":"ListItem","position":1,"name":"Inici","item":"https:\/\/masdeserra.cat\/blog\/"},{"@type":"ListItem","position":2,"name":"Rutes Recomanades","item":"https:\/\/masdeserra.cat\/blog\/rutes-recomanades\/"},{"@type":"ListItem","position":3,"name":"Ruta Mar i Muntanya"}]},{"@type":"WebSite","@id":"https:\/\/masdeserra.cat\/blog\/#website","url":"https:\/\/masdeserra.cat\/blog\/","name":"Blog del Mas de Serra.","description":"Turisme Rural - Agroturisme - Resid\u00e8ncia Casa de Pag\u00e8s - Cal\u00e7otades","potentialAction":[{"@type":"SearchAction","target":{"@type":"EntryPoint","urlTemplate":"https:\/\/masdeserra.cat\/blog\/?s={search_term_string}"},"query-input":{"@type":"PropertyValueSpecification","valueRequired":true,"valueName":"search_term_string"}}],"inLanguage":"ca"}]}},"_links":{"self":[{"href":"https:\/\/masdeserra.cat\/blog\/wp-json\/wp\/v2\/pages\/116","targetHints":{"allow":["GET"]}}],"collection":[{"href":"https:\/\/masdeserra.cat\/blog\/wp-json\/wp\/v2\/pages"}],"about":[{"href":"https:\/\/masdeserra.cat\/blog\/wp-json\/wp\/v2\/types\/page"}],"author":[{"embeddable":true,"href":"https:\/\/masdeserra.cat\/blog\/wp-json\/wp\/v2\/users\/1"}],"replies":[{"embeddable":true,"href":"https:\/\/masdeserra.cat\/blog\/wp-json\/wp\/v2\/comments?post=116"}],"version-history":[{"count":7,"href":"https:\/\/masdeserra.cat\/blog\/wp-json\/wp\/v2\/pages\/116\/revisions"}],"predecessor-version":[{"id":182,"href":"https:\/\/masdeserra.cat\/blog\/wp-json\/wp\/v2\/pages\/116\/revisions\/182"}],"up":[{"embeddable":true,"href":"https:\/\/masdeserra.cat\/blog\/wp-json\/wp\/v2\/pages\/34"}],"wp:attachment":[{"href":"https:\/\/masdeserra.cat\/blog\/wp-json\/wp\/v2\/media?parent=116"}],"curies":[{"name":"wp","href":"https:\/\/api.w.org\/{rel}","templated":true}]}}