{"id":195,"date":"2023-04-25T16:30:32","date_gmt":"2023-04-25T14:30:32","guid":{"rendered":"https:\/\/masdeserra.cat\/blog\/?page_id=195"},"modified":"2023-04-25T16:30:33","modified_gmt":"2023-04-25T14:30:33","slug":"politica-de-cookies","status":"publish","type":"page","link":"https:\/\/masdeserra.cat\/blog\/politica-de-cookies\/","title":{"rendered":"Pol\u00edtica de cookies"},"content":{"rendered":"\n<p>Benvingut\/da al nostre lloc web. A continuaci\u00f3, t&#8217;informem sobre la nostra pol\u00edtica de galetes i com les utilitzem en aquesta p\u00e0gina web.<\/p>\n\n\n\n<p>Qu\u00e8 s\u00f3n les galetes?<\/p>\n\n\n\n<p>Les galetes s\u00f3n petits arxius de text que els llocs web emmagatzemen al teu dispositiu quan els visites. Aquestes galetes permeten que el lloc web recordi les teves prefer\u00e8ncies i la teva navegaci\u00f3, millorant aix\u00ed la teva experi\u00e8ncia d&#8217;usuari.<\/p>\n\n\n\n<p>Com utilitzem les galetes?<\/p>\n\n\n\n<p>En aquest lloc web utilitzem les galetes per a les seg\u00fcents finalitats:<\/p>\n\n\n\n<ol>\n<li>Galetes t\u00e8cniques: S\u00f3n necess\u00e0ries per al funcionament correcte del lloc web i per garantir la seguretat dels nostres visitants.<\/li>\n\n\n\n<li>Galetes d&#8217;an\u00e0lisi: Ens ajuden a entendre com els usuaris interactuen amb el nostre lloc web i a millorar-lo en conseq\u00fc\u00e8ncia.<\/li>\n\n\n\n<li>Galetes de personalitzaci\u00f3: Recorden les teves prefer\u00e8ncies perqu\u00e8 puguis tenir una experi\u00e8ncia m\u00e9s personalitzada quan visites el nostre lloc web.<\/li>\n<\/ol>\n\n\n\n<p>Consentiment de galetes<\/p>\n\n\n\n<p>Per a complir amb la legislaci\u00f3 vigent, sol\u00b7licitem el teu consentiment per a utilitzar galetes que no siguin estrictament necess\u00e0ries. Quan arribis al nostre lloc web, veur\u00e0s un av\u00eds de galetes on podr\u00e0s acceptar o rebutjar les galetes opcionals. Tamb\u00e9 podr\u00e0s ajustar les teves prefer\u00e8ncies de galetes en qualsevol moment a trav\u00e9s de l&#8217;enlla\u00e7 de configuraci\u00f3 de galetes que trobar\u00e0s al peu de p\u00e0gina.<\/p>\n\n\n\n<p>Com gestionar les galetes?<\/p>\n\n\n\n<p>Pots gestionar les galetes a trav\u00e9s del teu navegador web. A la configuraci\u00f3 del navegador, podr\u00e0s eliminar les galetes emmagatzemades, bloquejar-les o permetre&#8217;n l&#8217;\u00fas segons les teves prefer\u00e8ncies. Tingues en compte que bloquejar algunes galetes pot afectar la teva experi\u00e8ncia d&#8217;usuari en el nostre lloc web.<\/p>\n\n\n\n<p>Per a m\u00e9s informaci\u00f3 sobre com protegim la teva privacitat i les teves dades personals, et convidem a llegir la nostra Pol\u00edtica de privacitat.<\/p>\n\n\n\n<p>Si tens alguna pregunta o dubte sobre la nostra pol\u00edtica de galetes, no dubtis a posar-te en contacte amb nosaltres a trav\u00e9s de la nostra p\u00e0gina de contacte.<\/p>\n","protected":false},"excerpt":{"rendered":"<p>Benvingut\/da al nostre lloc web. A continuaci\u00f3, t&#8217;informem sobre la nostra pol\u00edtica de galetes i com les utilitzem en aquesta p\u00e0gina web. Qu\u00e8 s\u00f3n les galetes? Les galetes s\u00f3n petits arxius de text que els llocs web emmagatzemen al teu dispositiu quan els visites. Aquestes galetes permeten que el lloc web recordi les teves prefer\u00e8ncies [&hellip;]<\/p>\n","protected":false},"author":1,"featured_media":0,"parent":0,"menu_order":0,"comment_status":"closed","ping_status":"closed","template":"","meta":[],"yoast_head":"<!-- This site is optimized with the Yoast SEO plugin v20.12 - https:\/\/yoast.com\/wordpress\/plugins\/seo\/ -->\n<title>Pol\u00edtica de cookies - Blog del Mas de Serra.<\/title>\n<meta name=\"robots\" content=\"noindex, nofollow\" \/>\n<meta property=\"og:locale\" content=\"ca_ES\" \/>\n<meta property=\"og:type\" content=\"article\" \/>\n<meta property=\"og:title\" content=\"Pol\u00edtica de cookies - Blog del Mas de Serra.\" \/>\n<meta property=\"og:description\" content=\"Benvingut\/da al nostre lloc web. A continuaci\u00f3, t&#8217;informem sobre la nostra pol\u00edtica de galetes i com les utilitzem en aquesta p\u00e0gina web. Qu\u00e8 s\u00f3n les galetes? Les galetes s\u00f3n petits arxius de text que els llocs web emmagatzemen al teu dispositiu quan els visites. Aquestes galetes permeten que el lloc web recordi les teves prefer\u00e8ncies [&hellip;]\" \/>\n<meta property=\"og:url\" content=\"https:\/\/masdeserra.cat\/blog\/politica-de-cookies\/\" \/>\n<meta property=\"og:site_name\" content=\"Blog del Mas de Serra.\" \/>\n<meta property=\"article:modified_time\" content=\"2023-04-25T14:30:33+00:00\" \/>\n<meta name=\"twitter:card\" content=\"summary_large_image\" \/>\n<meta name=\"twitter:label1\" content=\"Temps estimat de lectura\" \/>\n\t<meta name=\"twitter:data1\" content=\"2 minuts\" \/>\n<script type=\"application\/ld+json\" class=\"yoast-schema-graph\">{\"@context\":\"https:\/\/schema.org\",\"@graph\":[{\"@type\":\"WebPage\",\"@id\":\"https:\/\/masdeserra.cat\/blog\/politica-de-cookies\/\",\"url\":\"https:\/\/masdeserra.cat\/blog\/politica-de-cookies\/\",\"name\":\"Pol\u00edtica de cookies - Blog del Mas de Serra.\",\"isPartOf\":{\"@id\":\"https:\/\/masdeserra.cat\/blog\/#website\"},\"datePublished\":\"2023-04-25T14:30:32+00:00\",\"dateModified\":\"2023-04-25T14:30:33+00:00\",\"breadcrumb\":{\"@id\":\"https:\/\/masdeserra.cat\/blog\/politica-de-cookies\/#breadcrumb\"},\"inLanguage\":\"ca\",\"potentialAction\":[{\"@type\":\"ReadAction\",\"target\":[\"https:\/\/masdeserra.cat\/blog\/politica-de-cookies\/\"]}]},{\"@type\":\"BreadcrumbList\",\"@id\":\"https:\/\/masdeserra.cat\/blog\/politica-de-cookies\/#breadcrumb\",\"itemListElement\":[{\"@type\":\"ListItem\",\"position\":1,\"name\":\"Inici\",\"item\":\"https:\/\/masdeserra.cat\/blog\/\"},{\"@type\":\"ListItem\",\"position\":2,\"name\":\"Pol\u00edtica de cookies\"}]},{\"@type\":\"WebSite\",\"@id\":\"https:\/\/masdeserra.cat\/blog\/#website\",\"url\":\"https:\/\/masdeserra.cat\/blog\/\",\"name\":\"Blog del Mas de Serra.\",\"description\":\"Turisme Rural - Agroturisme - Resid\u00e8ncia Casa de Pag\u00e8s - Cal\u00e7otades\",\"potentialAction\":[{\"@type\":\"SearchAction\",\"target\":{\"@type\":\"EntryPoint\",\"urlTemplate\":\"https:\/\/masdeserra.cat\/blog\/?s={search_term_string}\"},\"query-input\":\"required name=search_term_string\"}],\"inLanguage\":\"ca\"}]}<\/script>\n<!-- \/ Yoast SEO plugin. -->","yoast_head_json":{"title":"Pol\u00edtica de cookies - Blog del Mas de Serra.","robots":{"index":"noindex","follow":"nofollow"},"og_locale":"ca_ES","og_type":"article","og_title":"Pol\u00edtica de cookies - Blog del Mas de Serra.","og_description":"Benvingut\/da al nostre lloc web. A continuaci\u00f3, t&#8217;informem sobre la nostra pol\u00edtica de galetes i com les utilitzem en aquesta p\u00e0gina web. Qu\u00e8 s\u00f3n les galetes? Les galetes s\u00f3n petits arxius de text que els llocs web emmagatzemen al teu dispositiu quan els visites. Aquestes galetes permeten que el lloc web recordi les teves prefer\u00e8ncies [&hellip;]","og_url":"https:\/\/masdeserra.cat\/blog\/politica-de-cookies\/","og_site_name":"Blog del Mas de Serra.","article_modified_time":"2023-04-25T14:30:33+00:00","twitter_card":"summary_large_image","twitter_misc":{"Temps estimat de lectura":"2 minuts"},"schema":{"@context":"https:\/\/schema.org","@graph":[{"@type":"WebPage","@id":"https:\/\/masdeserra.cat\/blog\/politica-de-cookies\/","url":"https:\/\/masdeserra.cat\/blog\/politica-de-cookies\/","name":"Pol\u00edtica de cookies - Blog del Mas de Serra.","isPartOf":{"@id":"https:\/\/masdeserra.cat\/blog\/#website"},"datePublished":"2023-04-25T14:30:32+00:00","dateModified":"2023-04-25T14:30:33+00:00","breadcrumb":{"@id":"https:\/\/masdeserra.cat\/blog\/politica-de-cookies\/#breadcrumb"},"inLanguage":"ca","potentialAction":[{"@type":"ReadAction","target":["https:\/\/masdeserra.cat\/blog\/politica-de-cookies\/"]}]},{"@type":"BreadcrumbList","@id":"https:\/\/masdeserra.cat\/blog\/politica-de-cookies\/#breadcrumb","itemListElement":[{"@type":"ListItem","position":1,"name":"Inici","item":"https:\/\/masdeserra.cat\/blog\/"},{"@type":"ListItem","position":2,"name":"Pol\u00edtica de cookies"}]},{"@type":"WebSite","@id":"https:\/\/masdeserra.cat\/blog\/#website","url":"https:\/\/masdeserra.cat\/blog\/","name":"Blog del Mas de Serra.","description":"Turisme Rural - Agroturisme - Resid\u00e8ncia Casa de Pag\u00e8s - Cal\u00e7otades","potentialAction":[{"@type":"SearchAction","target":{"@type":"EntryPoint","urlTemplate":"https:\/\/masdeserra.cat\/blog\/?s={search_term_string}"},"query-input":"required name=search_term_string"}],"inLanguage":"ca"}]}},"_links":{"self":[{"href":"https:\/\/masdeserra.cat\/blog\/wp-json\/wp\/v2\/pages\/195"}],"collection":[{"href":"https:\/\/masdeserra.cat\/blog\/wp-json\/wp\/v2\/pages"}],"about":[{"href":"https:\/\/masdeserra.cat\/blog\/wp-json\/wp\/v2\/types\/page"}],"author":[{"embeddable":true,"href":"https:\/\/masdeserra.cat\/blog\/wp-json\/wp\/v2\/users\/1"}],"replies":[{"embeddable":true,"href":"https:\/\/masdeserra.cat\/blog\/wp-json\/wp\/v2\/comments?post=195"}],"version-history":[{"count":1,"href":"https:\/\/masdeserra.cat\/blog\/wp-json\/wp\/v2\/pages\/195\/revisions"}],"predecessor-version":[{"id":197,"href":"https:\/\/masdeserra.cat\/blog\/wp-json\/wp\/v2\/pages\/195\/revisions\/197"}],"wp:attachment":[{"href":"https:\/\/masdeserra.cat\/blog\/wp-json\/wp\/v2\/media?parent=195"}],"curies":[{"name":"wp","href":"https:\/\/api.w.org\/{rel}","templated":true}]}}