{"id":202,"date":"2023-07-27T13:46:14","date_gmt":"2023-07-27T11:46:14","guid":{"rendered":"https:\/\/masdeserra.cat\/blog\/?page_id=202"},"modified":"2023-07-28T02:38:24","modified_gmt":"2023-07-28T00:38:24","slug":"cookies","status":"publish","type":"page","link":"https:\/\/masdeserra.cat\/blog\/cookies\/","title":{"rendered":"Cookies"},"content":{"rendered":"\n<p><strong>Qu\u00e8 s\u00f3n les cookies?<\/strong><\/p>\n\n\n\n<p>Una &#8220;Cookie&#8221; \u00e9s un petit arxiu que s&#8217;emmagatzema a l&#8217;ordinador de l&#8217;usuari, tauleta, tel\u00e8fon intel\u00b7ligent o qualsevol altre dispositiu amb informaci\u00f3 de navegaci\u00f3. El conjunt de &#8220;cookies&#8221; ens ajuda a millorar la qualitat del nostre lloc web, i ens permet saber quines p\u00e0gines troben \u00fatils els nostres usuaris i quines no.<\/p>\n\n\n\n<p>Aquest lloc web utilitza cookies i\/o tecnologies similars que emmagatzemen i recuperen informaci\u00f3 quan navegues. En general, aquestes tecnologies poden servir per a diversos prop\u00f2sits, com ara recon\u00e8ixer-vos com a usuari, obtenir informaci\u00f3 sobre els vostres h\u00e0bits de navegaci\u00f3 o personalitzar la manera com es mostra el contingut.<\/p>\n\n\n\n<p><strong>Tipus de cookies<\/strong><\/p>\n\n\n\n<p>La informaci\u00f3 que es proporciona a continuaci\u00f3 l&#8217;ajudar\u00e0 a entendre els diferents tipus de cookies:<\/p>\n\n\n\n<p><strong>Cookies pr\u00f2pies:<\/strong> S\u00f3n aquelles que s&#8217;envien al seu equip des dels nostres propis equips o dominis i des dels quals prestem el servei que ens sol\u00b7licita.<\/p>\n\n\n\n<p><strong>Cookies de tercers: <\/strong>S\u00f3n aquelles que s&#8217;envien al seu equip des d&#8217;un equip o domini que no \u00e9s gestionat per nosaltres, sin\u00f3 per una altra entitat col\u00b7laboradora. Com ara els que utilitzen les xarxes socials o el contingut extern, com ara Google Maps.<\/p>\n\n\n\n<p><strong>Cookies de sessi\u00f3:<\/strong> S\u00f3n cookies temporals que romanen a l&#8217;arxiu de cookies del seu navegador fins que abandoni el lloc web, de manera que cap est\u00e0 registrada en el disc dur del seu ordinador. La informaci\u00f3 obtinguda a trav\u00e9s d&#8217;aquestes cookies, serveix per analitzar pautes de tr\u00e0nsit a la web. A la llarga, aix\u00f2 ens permet oferir una millor experi\u00e8ncia per millorar el contingut i facilitar-ne l&#8217;\u00fas.<\/p>\n\n\n\n<p><strong>Cookies persistents:<\/strong> s&#8217;emmagatzemen al disc dur i el nostre lloc web les llegeix cada vegada que fas una nova visita. Una galeta permanent t\u00e9 una data de caducitat determinada. La galeta deixar\u00e0 de funcionar despr\u00e9s d&#8217;aquesta data. Aquestes cookies s&#8217;utilitzen generalment per facilitar els serveis de registre.<\/p>\n\n\n\n<p><strong>Cookies t\u00e8cniques:<\/strong> S\u00f3n aquelles necess\u00e0ries per a la navegaci\u00f3 i el bon funcionament de la nostra p\u00e0gina web. Permeten, per exemple, controlar el tr\u00e0nsit i la comunicaci\u00f3 de dades, accedir a parts d&#8217;acc\u00e9s restringit, utilitzar elements de seguretat, emmagatzemar continguts per poder difondre v\u00eddeos o compartir continguts a trav\u00e9s de les xarxes socials.<\/p>\n\n\n\n<p><strong>Cookies de personalitzaci\u00f3:<\/strong><\/p>\n\n\n\n<p>S\u00f3n aquelles que permeten accedir al servei amb caracter\u00edstiques predefinides en funci\u00f3 d&#8217;una s\u00e8rie de criteris, com ara l&#8217;idioma, el tipus de navegador a trav\u00e9s del qual s&#8217;accedeix al servei, la configuraci\u00f3 regional des d&#8217;on s&#8217;accedeix al servei, etc.<\/p>\n\n\n\n<p><strong>Cookies d&#8217;an\u00e0lisi:<\/strong> S\u00f3n aquelles que, tractades per nosaltres o per tercers, ens permeten quantificar el nombre d&#8217;usuaris i aix\u00ed realitzar el mesurament i an\u00e0lisi estad\u00edstica de la utilitzaci\u00f3 que fan els usuaris del servei ofert. Per a aix\u00f2, analitzem la seva navegaci\u00f3 a la nostra p\u00e0gina web amb la finalitat de millorar l&#8217;oferta de productes o serveis que li oferim.<\/p>\n\n\n\n<p><strong>Cookies publicit\u00e0ries:<\/strong> S\u00f3n aquelles que permeten la gesti\u00f3, de la forma m\u00e9s efica\u00e7 possible, dels espais publicitaris que es podrien incloure a la nostra p\u00e0gina web, mostrant publicitat relacionada amb el seu perfil de navegaci\u00f3.<\/p>\n\n\n\n<p><strong>Cookies de publicitat comportamental:<\/strong> Aquestes cookies emmagatzemen informaci\u00f3 del comportament dels usuaris obtinguda a trav\u00e9s de l&#8217;observaci\u00f3 continuada. Gr\u00e0cies a ells, podem con\u00e8ixer els h\u00e0bits de navegaci\u00f3 a Internet i mostrar-li publicitat relacionada amb el seu perfil de navegaci\u00f3.<\/p>\n\n\n\n<p><strong>Per a qu\u00e8 utilitzen aquestes cookies aquest lloc web?<\/strong><\/p>\n\n\n\n<p>Aquest lloc web utilitza cookies anal\u00edtiques i publicit\u00e0ries per a les finalitats descrites en l&#8217;apartat anterior.&nbsp;&nbsp;<\/p>\n\n\n\n<p><strong>Qui utilitza cookies en aquest lloc web?<\/strong>&nbsp; La identificaci\u00f3 de qui utilitza les cookies, el tipus de cookies utilitzades i altres dades \u00e9s la seg\u00fcent:<\/p>\n\n\n\n<figure class=\"wp-block-table\"><table><tbody><tr><td>Cookies<\/td><td>Tipus<\/td><td>Propietari<\/td><td> Finalitat i us<\/td><td>Per\u00edode conservaci\u00f3<\/td><td>M\u00e9s informaci\u00f3 &nbsp;<\/td><\/tr><tr><td>&nbsp;_ga<br>_ga_FRNWS3NLVH<\/td><td> Cookies de seguiment\/an\u00e0lisi<\/td><td>&nbsp;Google (a trav\u00e9s de Google Analytics)<\/td><td>Aquestes cookies s&#8217;utilitzen per a distingir els usuaris \u00fanics assignant un n\u00famero generat aleat\u00f2riament com a identificador de client (cookie <code>_ga<\/code>), i per a associar dades d&#8217;activitat d&#8217;un usuari de m\u00faltiples sessions utilitzant un identificador d&#8217;usuari \u00fanic i persistent (cookie <code>_ga_FRNWS3NLVH<\/code>).<\/td><td>&nbsp;2 anys<\/td><td>&nbsp;<\/td><\/tr><tr><td>&nbsp;moove_gdpr_popup<\/td><td>&nbsp;Cookie funcional<\/td><td> GDPR Cookie Compliance<\/td><td> Emmagatzemar les prefer\u00e8ncies de consentiment de cookies de l&#8217;usuari<\/td><td>&nbsp;1 any<\/td><td>&nbsp;<\/td><\/tr><tr><td>&nbsp;pavpovorigen<\/td><td>&nbsp;Cookie de personalitzaci\u00f3<\/td><td>&nbsp;<\/td><td>&nbsp;Emmagatzema la ciutat d&#8217;origen al calcular la ruta al mapa.<\/td><td>&nbsp;2 anys<\/td><td>&nbsp;<\/td><\/tr><\/tbody><\/table><\/figure>\n\n\n\n<p>Nota: Les cookies de tipus &#8220;Pr\u00f2pies&#8221; s\u00f3n utilitzades \u00fanicament pel titular d&#8217;aquest lloc web i les cookies &#8220;De tercers&#8221; tamb\u00e9 s\u00f3n utilitzades pel prove\u00efdor de serveis detallat a la taula anterior. Les transfer\u00e8ncies a tercers pa\u00efsos que, si escau, siguin realitzades per tercers identificats en aquesta pol\u00edtica de cookies es poden comunicar en les seves respectives pol\u00edtiques (vegeu els enlla\u00e7os proporcionats a l&#8217;apartat &#8220;M\u00e9s informaci\u00f3&#8221; de la taula anterior).<\/p>\n\n\n\n<p><strong>Com puc desactivar o eliminar aquestes cookies? <\/strong>Vost\u00e8 pot permetre o bloquejar les cookies, aix\u00ed com eliminar les seves dades de navegaci\u00f3 (incloses les cookies) des del navegador que utilitzi. Consulteu les opcions i instruccions que ofereix el vostre navegador a aquest efecte. Tingui en compte que si accepta cookies de tercers, haur\u00e0 d&#8217;eliminar-les de les opcions del seu navegador.<\/p>\n\n\n\n<p>A m\u00e9s, alguns serveis poden utilitzar connectors de xarxes socials com Facebook o Twitter. Quan un usuari es registra en un Servei amb credencials de xarxa social, autoritza a la xarxa social a guardar una galeta persistent que recordi la seva identitat i garanteixi l&#8217;acc\u00e9s als Serveis fins que caduqui. Podeu suprimir aquesta galeta i revocar l&#8217;acc\u00e9s als Serveis a trav\u00e9s de les xarxes socials actualitzant les vostres prefer\u00e8ncies a la xarxa social que especifiqueu. A continuaci\u00f3 s&#8217;ofereixen enlla\u00e7os a la informaci\u00f3 per gestionar les cookies des dels navegadors m\u00e9s utilitzats:<\/p>\n\n\n\n<ul class=\"wp-block-list\">\n<li><strong>Firefox<\/strong>:<a href=\"about:blank\">http:\/\/support.mozilla.org\/es\/kb\/habilitar-y-deshabilitar-cookies-que-los-sitios-we<\/a><\/li>\n\n\n\n<li><strong>Chrome<\/strong>: <a href=\"about:blank\">http:\/\/support.google.com\/chrome\/bin\/answer.py?hl=es&amp;answer=95647<\/a><\/li>\n<\/ul>\n\n\n\n<p><strong>Internet Explorer<\/strong>: <a href=\"about:blank\">https:\/\/support.microsoft.com\/es-es\/help\/278835\/how-to-delete-cookie-files-in-internet-explorer<\/a><\/p>\n\n\n\n<p><strong>Complement de desactivaci\u00f3 del navegador Google Analytics: <\/strong>si voleu rebutjar les galetes d&#8217;an\u00e0lisi de Google Analytics en tots els navegadors, de manera que no s&#8217;envi\u00ef informaci\u00f3 sobre vosaltres a Google Analitys, podeu baixar un complement que realitzi aquesta funci\u00f3 des d&#8217;aquest enlla\u00e7: <a href=\"about:blank\">https:\/\/tools.google.com\/dlpage\/gaoptout<\/a>.<\/p>\n\n\n\n<p><strong>Exercici de drets.<\/strong><\/p>\n\n\n\n<p>Pots con\u00e8ixer i exercir els teus drets de protecci\u00f3 de dades accedint a la nostra Pol\u00edtica de Privacitat.<\/p>\n\n\n\n<p>&nbsp;*Les condicions presents es regiran per la legislaci\u00f3 espanyola vigent.<\/p>\n","protected":false},"excerpt":{"rendered":"<p>Qu\u00e8 s\u00f3n les cookies? Una &#8220;Cookie&#8221; \u00e9s un petit arxiu que s&#8217;emmagatzema a l&#8217;ordinador de l&#8217;usuari, tauleta, tel\u00e8fon intel\u00b7ligent o qualsevol altre dispositiu amb informaci\u00f3 de navegaci\u00f3. El conjunt de &#8220;cookies&#8221; ens ajuda a millorar la qualitat del nostre lloc web, i ens permet saber quines p\u00e0gines troben \u00fatils els nostres usuaris i quines no. [&hellip;]<\/p>\n","protected":false},"author":1,"featured_media":0,"parent":0,"menu_order":0,"comment_status":"closed","ping_status":"closed","template":"page-templates\/full-width.php","meta":{"footnotes":""},"class_list":["post-202","page","type-page","status-publish","hentry"],"yoast_head":"<!-- This site is optimized with the Yoast SEO plugin v27.3 - https:\/\/yoast.com\/product\/yoast-seo-wordpress\/ -->\n<title>Cookies - Blog del Mas de Serra.<\/title>\n<meta name=\"robots\" content=\"noindex, nofollow\" \/>\n<meta property=\"og:locale\" content=\"ca_ES\" \/>\n<meta property=\"og:type\" content=\"article\" \/>\n<meta property=\"og:title\" content=\"Cookies - Blog del Mas de Serra.\" \/>\n<meta property=\"og:description\" content=\"Qu\u00e8 s\u00f3n les cookies? Una &#8220;Cookie&#8221; \u00e9s un petit arxiu que s&#8217;emmagatzema a l&#8217;ordinador de l&#8217;usuari, tauleta, tel\u00e8fon intel\u00b7ligent o qualsevol altre dispositiu amb informaci\u00f3 de navegaci\u00f3. El conjunt de &#8220;cookies&#8221; ens ajuda a millorar la qualitat del nostre lloc web, i ens permet saber quines p\u00e0gines troben \u00fatils els nostres usuaris i quines no. [&hellip;]\" \/>\n<meta property=\"og:url\" content=\"https:\/\/masdeserra.cat\/blog\/cookies\/\" \/>\n<meta property=\"og:site_name\" content=\"Blog del Mas de Serra.\" \/>\n<meta property=\"article:modified_time\" content=\"2023-07-28T00:38:24+00:00\" \/>\n<meta name=\"twitter:card\" content=\"summary_large_image\" \/>\n<meta name=\"twitter:label1\" content=\"Temps estimat de lectura\" \/>\n\t<meta name=\"twitter:data1\" content=\"6 minuts\" \/>\n<script type=\"application\/ld+json\" class=\"yoast-schema-graph\">{\"@context\":\"https:\\\/\\\/schema.org\",\"@graph\":[{\"@type\":\"WebPage\",\"@id\":\"https:\\\/\\\/masdeserra.cat\\\/blog\\\/cookies\\\/\",\"url\":\"https:\\\/\\\/masdeserra.cat\\\/blog\\\/cookies\\\/\",\"name\":\"Cookies - Blog del Mas de Serra.\",\"isPartOf\":{\"@id\":\"https:\\\/\\\/masdeserra.cat\\\/blog\\\/#website\"},\"datePublished\":\"2023-07-27T11:46:14+00:00\",\"dateModified\":\"2023-07-28T00:38:24+00:00\",\"breadcrumb\":{\"@id\":\"https:\\\/\\\/masdeserra.cat\\\/blog\\\/cookies\\\/#breadcrumb\"},\"inLanguage\":\"ca\",\"potentialAction\":[{\"@type\":\"ReadAction\",\"target\":[\"https:\\\/\\\/masdeserra.cat\\\/blog\\\/cookies\\\/\"]}]},{\"@type\":\"BreadcrumbList\",\"@id\":\"https:\\\/\\\/masdeserra.cat\\\/blog\\\/cookies\\\/#breadcrumb\",\"itemListElement\":[{\"@type\":\"ListItem\",\"position\":1,\"name\":\"Inici\",\"item\":\"https:\\\/\\\/masdeserra.cat\\\/blog\\\/\"},{\"@type\":\"ListItem\",\"position\":2,\"name\":\"Cookies\"}]},{\"@type\":\"WebSite\",\"@id\":\"https:\\\/\\\/masdeserra.cat\\\/blog\\\/#website\",\"url\":\"https:\\\/\\\/masdeserra.cat\\\/blog\\\/\",\"name\":\"Blog del Mas de Serra.\",\"description\":\"Turisme Rural - Agroturisme - Resid\u00e8ncia Casa de Pag\u00e8s - Cal\u00e7otades\",\"potentialAction\":[{\"@type\":\"SearchAction\",\"target\":{\"@type\":\"EntryPoint\",\"urlTemplate\":\"https:\\\/\\\/masdeserra.cat\\\/blog\\\/?s={search_term_string}\"},\"query-input\":{\"@type\":\"PropertyValueSpecification\",\"valueRequired\":true,\"valueName\":\"search_term_string\"}}],\"inLanguage\":\"ca\"}]}<\/script>\n<!-- \/ Yoast SEO plugin. -->","yoast_head_json":{"title":"Cookies - Blog del Mas de Serra.","robots":{"index":"noindex","follow":"nofollow"},"og_locale":"ca_ES","og_type":"article","og_title":"Cookies - Blog del Mas de Serra.","og_description":"Qu\u00e8 s\u00f3n les cookies? Una &#8220;Cookie&#8221; \u00e9s un petit arxiu que s&#8217;emmagatzema a l&#8217;ordinador de l&#8217;usuari, tauleta, tel\u00e8fon intel\u00b7ligent o qualsevol altre dispositiu amb informaci\u00f3 de navegaci\u00f3. El conjunt de &#8220;cookies&#8221; ens ajuda a millorar la qualitat del nostre lloc web, i ens permet saber quines p\u00e0gines troben \u00fatils els nostres usuaris i quines no. [&hellip;]","og_url":"https:\/\/masdeserra.cat\/blog\/cookies\/","og_site_name":"Blog del Mas de Serra.","article_modified_time":"2023-07-28T00:38:24+00:00","twitter_card":"summary_large_image","twitter_misc":{"Temps estimat de lectura":"6 minuts"},"schema":{"@context":"https:\/\/schema.org","@graph":[{"@type":"WebPage","@id":"https:\/\/masdeserra.cat\/blog\/cookies\/","url":"https:\/\/masdeserra.cat\/blog\/cookies\/","name":"Cookies - Blog del Mas de Serra.","isPartOf":{"@id":"https:\/\/masdeserra.cat\/blog\/#website"},"datePublished":"2023-07-27T11:46:14+00:00","dateModified":"2023-07-28T00:38:24+00:00","breadcrumb":{"@id":"https:\/\/masdeserra.cat\/blog\/cookies\/#breadcrumb"},"inLanguage":"ca","potentialAction":[{"@type":"ReadAction","target":["https:\/\/masdeserra.cat\/blog\/cookies\/"]}]},{"@type":"BreadcrumbList","@id":"https:\/\/masdeserra.cat\/blog\/cookies\/#breadcrumb","itemListElement":[{"@type":"ListItem","position":1,"name":"Inici","item":"https:\/\/masdeserra.cat\/blog\/"},{"@type":"ListItem","position":2,"name":"Cookies"}]},{"@type":"WebSite","@id":"https:\/\/masdeserra.cat\/blog\/#website","url":"https:\/\/masdeserra.cat\/blog\/","name":"Blog del Mas de Serra.","description":"Turisme Rural - Agroturisme - Resid\u00e8ncia Casa de Pag\u00e8s - Cal\u00e7otades","potentialAction":[{"@type":"SearchAction","target":{"@type":"EntryPoint","urlTemplate":"https:\/\/masdeserra.cat\/blog\/?s={search_term_string}"},"query-input":{"@type":"PropertyValueSpecification","valueRequired":true,"valueName":"search_term_string"}}],"inLanguage":"ca"}]}},"_links":{"self":[{"href":"https:\/\/masdeserra.cat\/blog\/wp-json\/wp\/v2\/pages\/202","targetHints":{"allow":["GET"]}}],"collection":[{"href":"https:\/\/masdeserra.cat\/blog\/wp-json\/wp\/v2\/pages"}],"about":[{"href":"https:\/\/masdeserra.cat\/blog\/wp-json\/wp\/v2\/types\/page"}],"author":[{"embeddable":true,"href":"https:\/\/masdeserra.cat\/blog\/wp-json\/wp\/v2\/users\/1"}],"replies":[{"embeddable":true,"href":"https:\/\/masdeserra.cat\/blog\/wp-json\/wp\/v2\/comments?post=202"}],"version-history":[{"count":7,"href":"https:\/\/masdeserra.cat\/blog\/wp-json\/wp\/v2\/pages\/202\/revisions"}],"predecessor-version":[{"id":242,"href":"https:\/\/masdeserra.cat\/blog\/wp-json\/wp\/v2\/pages\/202\/revisions\/242"}],"wp:attachment":[{"href":"https:\/\/masdeserra.cat\/blog\/wp-json\/wp\/v2\/media?parent=202"}],"curies":[{"name":"wp","href":"https:\/\/api.w.org\/{rel}","templated":true}]}}